{"id":19,"date":"2026-04-21T18:56:54","date_gmt":"2026-04-21T16:56:54","guid":{"rendered":"https:\/\/blog.kieselwiese.de\/?page_id=19"},"modified":"2026-04-21T18:56:54","modified_gmt":"2026-04-21T16:56:54","slug":"ueber-mich","status":"publish","type":"page","link":"https:\/\/blog.kieselwiese.de\/?page_id=19","title":{"rendered":"\u00dcber mich"},"content":{"rendered":"\n<p>An diesem Ort sammele ich Gedanken, Schnappsch\u00fcsse, Tr\u00e4ume und andere Texte. Schon als Kind habe ich mir eine Druckerpresse gew\u00fcnscht (kein Witz!), weil mich die M\u00f6glichkeit fasziniert hat, mich mitzuteilen. Da mein Wunsch nach einem eigenen Verlag aber nicht realisierbar war (ich war ja auch erst sieben Jahre alt), blieb mir nur mein Tagebuch.<\/p>\n\n\n\n<p>Mit dem Internet wurde es dann anders und ich probierte im Laufe der Jahre verschiedenste Systeme aus: WordPress, Thingamablog, Serendipity, ein lokales Blogsystem f\u00fcr den Mac (Namen vergessen), Bludit und jetzt wieder WordPress.<\/p>\n","protected":false},"excerpt":{"rendered":"<p>An diesem Ort sammele ich Gedanken, Schnappsch\u00fcsse, Tr\u00e4ume und andere Texte. Schon als Kind habe ich mir eine Druckerpresse gew\u00fcnscht (kein Witz!), weil mich die M\u00f6glichkeit fasziniert hat, mich mitzuteilen. Da mein Wunsch nach einem eigenen Verlag aber nicht realisierbar war (ich war ja auch erst sieben Jahre alt), blieb mir nur mein Tagebuch. Mit [&hellip;]<\/p>\n","protected":false},"author":1,"featured_media":0,"parent":0,"menu_order":0,"comment_status":"closed","ping_status":"closed","template":"","meta":{"footnotes":""},"class_list":["post-19","page","type-page","status-publish","hentry"],"_links":{"self":[{"href":"https:\/\/blog.kieselwiese.de\/index.php?rest_route=\/wp\/v2\/pages\/19","targetHints":{"allow":["GET"]}}],"collection":[{"href":"https:\/\/blog.kieselwiese.de\/index.php?rest_route=\/wp\/v2\/pages"}],"about":[{"href":"https:\/\/blog.kieselwiese.de\/index.php?rest_route=\/wp\/v2\/types\/page"}],"author":[{"embeddable":true,"href":"https:\/\/blog.kieselwiese.de\/index.php?rest_route=\/wp\/v2\/users\/1"}],"replies":[{"embeddable":true,"href":"https:\/\/blog.kieselwiese.de\/index.php?rest_route=%2Fwp%2Fv2%2Fcomments&post=19"}],"version-history":[{"count":1,"href":"https:\/\/blog.kieselwiese.de\/index.php?rest_route=\/wp\/v2\/pages\/19\/revisions"}],"predecessor-version":[{"id":20,"href":"https:\/\/blog.kieselwiese.de\/index.php?rest_route=\/wp\/v2\/pages\/19\/revisions\/20"}],"wp:attachment":[{"href":"https:\/\/blog.kieselwiese.de\/index.php?rest_route=%2Fwp%2Fv2%2Fmedia&parent=19"}],"curies":[{"name":"wp","href":"https:\/\/api.w.org\/{rel}","templated":true}]}}